{"id":297,"date":"2022-02-21T15:44:53","date_gmt":"2022-02-21T15:44:53","guid":{"rendered":"http:\/\/beimkeller.de\/?page_id=297"},"modified":"2026-01-18T13:31:34","modified_gmt":"2026-01-18T13:31:34","slug":"oekologischer-urlaub","status":"publish","type":"page","link":"https:\/\/beimkeller.de\/?page_id=297","title":{"rendered":"\u00d6kologischer Urlaub"},"content":{"rendered":"\n<p><strong>Willkommen auf unserem nachhaltigen Bauernhof<\/strong><\/p>\n\n\n\n<p>Ende 2021 haben wir uns dazu entschieden ein Hauskraftwerk zu installieren. Somit k\u00f6nnen wir unseren eigenen Strom benutzen. Dank der Modernen Technik produziert unsere Anlage auch bei nicht so gutem Wetter Strom. <\/p>\n\n\n\n<p>Unser Ziel f\u00fcr 2022 so  gut als m\u00f6glich autark zu sein.<\/p>\n\n\n\n<p>Auch unsre Warmwasserversorgung l\u00e4uft \u00fcber &#8222;saubere&#8220; Energiequellen (Solar Anlage)<\/p>\n\n\n\n<p>Damit die kalten Tage gem\u00fctlich werden, haben wir eine moderne Scheitholz Heizung. Diese  wird mit  Brennholz aus dem eigenen Wald best\u00fcckt. Das macht nat\u00fcrlich viel Arbeit: Baum f\u00e4llen, Baum abs\u00e4gen und aus dem Wald fahren, und dann ofenfertig kleinmachen. Darum ist diese W\u00e4rme besonders wertvoll!! Gef\u00e4llt werden aber nur B\u00e4ume die &#8222;krank&#8220; sind, wie z. B. vom Borkenk\u00e4fer befallen oder vom Wind verletzt.  Ebenso pflanzen wir j\u00e4hrlich neu B\u00e4ume, auch die Naturverj\u00fcngung hilft mit und somit ist der Kreislauf geschlossen und eine nachhaltige Waldwirtschaft m\u00f6glich. <\/p>\n\n\n\n<p> <\/p>\n\n\n\n<div class=\"wp-block-group\"><div class=\"wp-block-group__inner-container\">\n<figure class=\"wp-block-image size-large is-resized is-style-default\"><img loading=\"lazy\" src=\"https:\/\/beimkeller.de\/wp-content\/uploads\/2022\/06\/IMG-20220604-WA0004-768x1024.jpg\" alt=\"\" class=\"wp-image-305\" width=\"383\" height=\"510\" srcset=\"https:\/\/beimkeller.de\/wp-content\/uploads\/2022\/06\/IMG-20220604-WA0004-768x1024.jpg 768w, https:\/\/beimkeller.de\/wp-content\/uploads\/2022\/06\/IMG-20220604-WA0004-225x300.jpg 225w, https:\/\/beimkeller.de\/wp-content\/uploads\/2022\/06\/IMG-20220604-WA0004-1152x1536.jpg 1152w, https:\/\/beimkeller.de\/wp-content\/uploads\/2022\/06\/IMG-20220604-WA0004.jpg 1200w\" sizes=\"(max-width: 383px) 100vw, 383px\" \/><figcaption>Unser Wald <\/figcaption><\/figure>\n\n\n\n<div class=\"wp-block-group\"><div class=\"wp-block-group__inner-container\">\n<figure class=\"wp-block-image size-large\"><img loading=\"lazy\" width=\"1024\" height=\"768\" src=\"https:\/\/beimkeller.de\/wp-content\/uploads\/2023\/04\/01_20230421_165933-1024x768.jpg\" alt=\"\" class=\"wp-image-358\" srcset=\"https:\/\/beimkeller.de\/wp-content\/uploads\/2023\/04\/01_20230421_165933-1024x768.jpg 1024w, https:\/\/beimkeller.de\/wp-content\/uploads\/2023\/04\/01_20230421_165933-300x225.jpg 300w, https:\/\/beimkeller.de\/wp-content\/uploads\/2023\/04\/01_20230421_165933-768x576.jpg 768w, https:\/\/beimkeller.de\/wp-content\/uploads\/2023\/04\/01_20230421_165933-1536x1152.jpg 1536w, https:\/\/beimkeller.de\/wp-content\/uploads\/2023\/04\/01_20230421_165933-2048x1536.jpg 2048w\" sizes=\"(max-width: 706px) 89vw, (max-width: 767px) 82vw, 740px\" \/><figcaption>Jungschutz ( gepflanze B\u00e4ume mit Verbissschutz )<\/figcaption><\/figure>\n\n\n\n<p><\/p>\n<\/div><\/div>\n<\/div><\/div>\n\n\n\n<figure class=\"wp-block-image size-large\"><img loading=\"lazy\" width=\"1024\" height=\"768\" src=\"https:\/\/beimkeller.de\/wp-content\/uploads\/2023\/01\/IMG-20221105-WA0008-1024x768.jpg\" alt=\"\" class=\"wp-image-337\" srcset=\"https:\/\/beimkeller.de\/wp-content\/uploads\/2023\/01\/IMG-20221105-WA0008-1024x768.jpg 1024w, https:\/\/beimkeller.de\/wp-content\/uploads\/2023\/01\/IMG-20221105-WA0008-300x225.jpg 300w, https:\/\/beimkeller.de\/wp-content\/uploads\/2023\/01\/IMG-20221105-WA0008-768x576.jpg 768w, https:\/\/beimkeller.de\/wp-content\/uploads\/2023\/01\/IMG-20221105-WA0008-1536x1152.jpg 1536w, https:\/\/beimkeller.de\/wp-content\/uploads\/2023\/01\/IMG-20221105-WA0008.jpg 1600w\" sizes=\"(max-width: 706px) 89vw, (max-width: 767px) 82vw, 740px\" \/><\/figure>\n\n\n\n<figure class=\"wp-block-image size-large is-resized\"><img loading=\"lazy\" src=\"https:\/\/beimkeller.de\/wp-content\/uploads\/2022\/06\/06_IMG-20220417-WA0000-768x1024.jpg\" alt=\"\" class=\"wp-image-307\" width=\"316\" height=\"421\" srcset=\"https:\/\/beimkeller.de\/wp-content\/uploads\/2022\/06\/06_IMG-20220417-WA0000-768x1023.jpg 768w, https:\/\/beimkeller.de\/wp-content\/uploads\/2022\/06\/06_IMG-20220417-WA0000-225x300.jpg 225w, https:\/\/beimkeller.de\/wp-content\/uploads\/2022\/06\/06_IMG-20220417-WA0000-1153x1536.jpg 1153w, https:\/\/beimkeller.de\/wp-content\/uploads\/2022\/06\/06_IMG-20220417-WA0000.jpg 1200w\" sizes=\"(max-width: 316px) 100vw, 316px\" \/><figcaption>PV Anlage f\u00fcr unseren Speicher<\/figcaption><\/figure>\n\n\n\n<figure class=\"wp-block-image size-large is-resized\"><img loading=\"lazy\" src=\"https:\/\/beimkeller.de\/wp-content\/uploads\/2022\/06\/20220605_173320.jpg\" alt=\"\" class=\"wp-image-309\" width=\"336\" height=\"303\"\/><\/figure>\n\n\n\n<p><strong>Im Oktober 2024 haben wir endlich unsere Crystallus  Filteranlage installiert.<\/strong><\/p>\n\n\n\n<p>Mit Crystallus Anlagen genie\u00dfen Sie gefiltertes Wasser mit einer kristallinen Struktur, so wie man sie auch in nat\u00fcrlichen Gebirgsquellen findet. Das Wasser schmeckt rein und frisch, da es nicht nur von Geschmacksverunreinigungen und Schadstoffen befreit ist, sondern auch noch eine harmonische Molekularstruktur aufweist.\u00a0Sie werden den Unterschied nicht nur schmecken &#8211; sondern auch sp\u00fcren.<\/p>\n\n\n\n<p><a href=\"https:\/\/www.crystallus.de\/de\/\">https:\/\/www.crystallus.de\/de\/<\/a><\/p>\n\n\n\n<p><img loading=\"lazy\" width=\"241\" height=\"241\" src=\"https:\/\/www.crystallus.de\/images\/crystallus\/kristall-nachher-350.jpg\" alt=\"Crystallus Wasser: Perfekte Harmonie\">\u00dcber eine speziell von RSI entwickelte Schwingungstechnologie erfolgt die Strukturierung und Energetisierung des Wassers.<\/p>\n\n\n\n<figure class=\"wp-block-image\"><img src=\"https:\/\/www.crystallus.de\/images\/headers\/wasser-1200-350.jpg\" alt=\"\"\/><\/figure>\n","protected":false},"excerpt":{"rendered":"<p>Willkommen auf unserem nachhaltigen Bauernhof Ende 2021 haben wir uns dazu entschieden ein Hauskraftwerk zu installieren. Somit k\u00f6nnen wir unseren eigenen Strom benutzen. Dank der Modernen Technik produziert unsere Anlage auch bei nicht so gutem Wetter Strom. Unser Ziel f\u00fcr 2022 so gut als m\u00f6glich autark zu sein. Auch unsre Warmwasserversorgung l\u00e4uft \u00fcber &#8222;saubere&#8220; Energiequellen &hellip; <\/p>\n<p class=\"link-more\"><a href=\"https:\/\/beimkeller.de\/?page_id=297\" class=\"more-link\"><span class=\"screen-reader-text\">\u201e\u00d6kologischer Urlaub\u201c<\/span> weiterlesen<\/a><\/p>\n","protected":false},"author":1,"featured_media":0,"parent":0,"menu_order":0,"comment_status":"closed","ping_status":"closed","template":"","meta":[],"_links":{"self":[{"href":"https:\/\/beimkeller.de\/index.php?rest_route=\/wp\/v2\/pages\/297"}],"collection":[{"href":"https:\/\/beimkeller.de\/index.php?rest_route=\/wp\/v2\/pages"}],"about":[{"href":"https:\/\/beimkeller.de\/index.php?rest_route=\/wp\/v2\/types\/page"}],"author":[{"embeddable":true,"href":"https:\/\/beimkeller.de\/index.php?rest_route=\/wp\/v2\/users\/1"}],"replies":[{"embeddable":true,"href":"https:\/\/beimkeller.de\/index.php?rest_route=%2Fwp%2Fv2%2Fcomments&post=297"}],"version-history":[{"count":6,"href":"https:\/\/beimkeller.de\/index.php?rest_route=\/wp\/v2\/pages\/297\/revisions"}],"predecessor-version":[{"id":388,"href":"https:\/\/beimkeller.de\/index.php?rest_route=\/wp\/v2\/pages\/297\/revisions\/388"}],"wp:attachment":[{"href":"https:\/\/beimkeller.de\/index.php?rest_route=%2Fwp%2Fv2%2Fmedia&parent=297"}],"curies":[{"name":"wp","href":"https:\/\/api.w.org\/{rel}","templated":true}]}}