{"id":15,"date":"2019-03-30T13:08:16","date_gmt":"2019-03-30T13:08:16","guid":{"rendered":"http:\/\/beimkeller.de\/?page_id=15"},"modified":"2026-01-18T13:24:08","modified_gmt":"2026-01-18T13:24:08","slug":"neuigkeiten","status":"publish","type":"page","link":"https:\/\/beimkeller.de\/?page_id=15","title":{"rendered":"Neuigkeiten"},"content":{"rendered":"\n<h2><br>Fasching in Wertach<\/h2>\n\n\n\n<h2>Faschingsumz\u00fcge am So., 15. und Di., 17. Februar 2026<\/h2>\n\n\n\n<p><a href=\"https:\/\/storage.tramino.net\/wertach\/1333412\/1200.jpg\"><img loading=\"lazy\" src=\"https:\/\/storage.tramino.net\/wertach\/1333412\/320.jpg\" width=\"320\" height=\"213\" alt=\"Fasching 2024\"><\/a><\/p>\n\n\n\n<h3>Allj\u00e4hrlich traditionelle Faschingsumz\u00fcge am Faschingssonntag und Faschingsdienstag, jeweils um 14 Uhr veranstaltet vom Faschingsverein Wertach e.V.!<\/h3>\n\n\n\n<p><a href=\"https:\/\/storage.tramino.net\/wertach\/1333407\/1200.jpg\"><img loading=\"lazy\" src=\"https:\/\/storage.tramino.net\/wertach\/1333407\/210x160.jpg\" width=\"210\" height=\"160\" alt=\"Fasching\"><\/a><a href=\"https:\/\/storage.tramino.net\/wertach\/1333409\/1200.jpg\"><img loading=\"lazy\" src=\"https:\/\/storage.tramino.net\/wertach\/1333409\/210x160.jpg\" width=\"210\" height=\"160\" alt=\"Garde\"><\/a><a href=\"https:\/\/storage.tramino.net\/wertach\/1333410\/1200.jpg?r=1\"><img loading=\"lazy\" src=\"https:\/\/storage.tramino.net\/wertach\/1333410\/210x160.jpg?r=1\" width=\"210\" height=\"160\" alt=\"Trommler\"><\/a><\/p>\n\n\n\n<h2>Funkenfeuer am Sa., 21. Februar 2026<\/h2>\n\n\n\n<h3>Urspr\u00fcnglich einmal ein heidnischer Kult zur Vertreibung des unliebsamen, strengen und eiskalten Winters und bis zum heutigen Tag als traditionelles Brauchtum erhalten.<\/h3>\n\n\n\n<p>Kaum ist die \u201eFasnacht\u201c vorbei, so beginnen die Vorbereitungen f\u00fcr den \u201eFunken&#8220;.<\/p>\n\n\n\n<p><a href=\"https:\/\/storage.tramino.net\/wertach\/1333514\/1200.jpg?r=5\"><img loading=\"lazy\" width=\"210\" height=\"160\" src=\"https:\/\/storage.tramino.net\/wertach\/1333514\/210x160.jpg?r=5\" alt=\"Funken\"><\/a><a href=\"https:\/\/storage.tramino.net\/wertach\/1333513\/1200.jpg\"><img loading=\"lazy\" width=\"210\" height=\"160\" src=\"https:\/\/storage.tramino.net\/wertach\/1333513\/210x160.jpg\" alt=\"Funken\"><\/a><a href=\"https:\/\/storage.tramino.net\/wertach\/1333515\/1200.jpg\"><img loading=\"lazy\" width=\"210\" height=\"160\" src=\"https:\/\/storage.tramino.net\/wertach\/1333515\/210x160.jpg\" alt=\"Funken\"><\/a><a href=\"https:\/\/storage.tramino.net\/wertach\/1333516\/1200.jpg\"><img loading=\"lazy\" width=\"210\" height=\"160\" src=\"https:\/\/storage.tramino.net\/wertach\/1333516\/210x160.jpg\" alt=\"Funken\"><\/a><\/p>\n\n\n\n<figure class=\"wp-block-image\"><a href=\"https:\/\/storage.tramino.net\/wertach\/1333512\/1200.jpg?r=2\"><img src=\"https:\/\/storage.tramino.net\/wertach\/1333512\/320.jpg?r=2\" alt=\"Funken\"\/><\/a><\/figure>\n\n\n\n<h2>Maibaumaufstellen und Kr\u00e4mermarkt am 1. Mai<\/h2>\n\n\n\n<p><a href=\"https:\/\/storage.tramino.net\/wertach\/563108\/1200.jpg?r=1\"><\/a><\/p>\n\n\n\n<h3>Der Brauch, am 1. Mai jeden Jahres einen Maibaum aufzustellen, wird auch in Wertach gepflegt.<\/h3>\n\n\n\n<p>Hier haben sich der Trachtenverein &#8222;D&#8216; Wertachtaler&#8220; und die Harmoniemusikkapelle Wertach dieses Brauches angenommen und scheuen keine M\u00fche, um die Zeremonie der Maibaum-Aufstellung eindrucksvoll zu gestalten.<\/p>\n\n\n\n<p>Der Baum selbst wird meistens von einem Waldbesitzer gespendet. Am Maibaum befinden sich u. a. auch die Symbole aus der heimischen Wirtschaft und Handwerkerschaft. Nach dem gelungenen Aufstellen des Baumes und der Festrede der B\u00fcrgermeisterin findet im Anschluss das Maifest am Feuerwehrhaus statt. Der Maibaum wird am Viehscheidtag zugunsten eines Vereines versteigert.<\/p>\n\n\n\n<p><strong>Um 13 Uhr Festzug vom Hotel Hirsch zum Feuerwehrhaus mit anschlie\u00dfendem Maibaumaufstellen, der in diesem Jahr direkt beim Feuerwehrhaus aufgestellt wird.<\/strong>&nbsp;Es unterh\u00e4lt die Harmoniemusikkapelle Wertach.&nbsp;<strong>Bei jeder Witterung!<\/strong><\/p>\n\n\n\n<p><a href=\"https:\/\/www.wertach.de\/kultur-genuss\/brauchtum\/maibaumaufstellen-mit-kraemermarkt.html\" target=\"_blank\" rel=\"noreferrer noopener\">Brauchtum<\/a><\/p>\n\n\n\n<figure class=\"wp-block-image\"><img src=\"https:\/\/storage.tramino.net\/wertach\/861559\/210x160.jpg?r=1\" alt=\"1 .Mai  Markt\"\/><\/figure>\n\n\n\n<figure class=\"wp-block-image\"><img src=\"https:\/\/storage.tramino.net\/wertach\/861566\/210x160.jpg?r=1\" alt=\"Maibaum mit Pferdegespann\"\/><\/figure>\n\n\n\n<figure class=\"wp-block-image is-style-default\"><img src=\"https:\/\/storage.tramino.net\/wertach\/861568\/210x160.jpg?r=2\" alt=\"1. Mai Trachten\"\/><\/figure>\n\n\n\n<p><a href=\"https:\/\/storage.tramino.net\/wertach\/861559\/1200.jpg?r=1\"><\/a><a href=\"https:\/\/storage.tramino.net\/wertach\/861566\/1200.jpg?r=1\"><\/a><a href=\"https:\/\/storage.tramino.net\/wertach\/861561\/1200.jpg?r=1\"><\/a><a href=\"https:\/\/storage.tramino.net\/wertach\/861568\/1200.jpg?r=2\"><\/a><\/p>\n\n\n\n<h2>Wandern und Alph\u00fctten besuchen<strong>  ab Mitte Mai wieder m\u00f6glich<\/strong><br><\/h2>\n\n\n\n<p>Jetzt ist die Zeit zu Wandern und nat\u00fcrlich anschlie\u00dfend in einer der zahlreichen Alph\u00fctten einzukehren und &#8222;Brotzeit&#8220; zu machen.<br><\/p>\n\n\n\n<figure class=\"wp-block-gallery columns-3 is-cropped\"><ul class=\"blocks-gallery-grid\"><li class=\"blocks-gallery-item\"><figure><img loading=\"lazy\" width=\"200\" height=\"150\" src=\"https:\/\/beimkeller.de\/wp-content\/uploads\/2020\/07\/Alpe-Bl\u00f6sse.jpg\" alt=\"\" data-id=\"253\" data-link=\"https:\/\/beimkeller.de\/?attachment_id=253\" class=\"wp-image-253\"\/><figcaption class=\"blocks-gallery-item__caption\">Alpe Bl\u00f6sse 1220m<\/figcaption><\/figure><\/li><li class=\"blocks-gallery-item\"><figure><img loading=\"lazy\" width=\"200\" height=\"150\" src=\"https:\/\/beimkeller.de\/wp-content\/uploads\/2020\/07\/Alpeschnitzlertal.jpg\" alt=\"\" data-id=\"254\" data-link=\"https:\/\/beimkeller.de\/?attachment_id=254\" class=\"wp-image-254\"\/><figcaption class=\"blocks-gallery-item__caption\">Alpe Schnitzlertal 1440m<\/figcaption><\/figure><\/li><li class=\"blocks-gallery-item\"><figure><img loading=\"lazy\" width=\"200\" height=\"150\" src=\"https:\/\/beimkeller.de\/wp-content\/uploads\/2020\/07\/Sorg1.jpg\" alt=\"\" data-id=\"255\" data-link=\"https:\/\/beimkeller.de\/?attachment_id=255\" class=\"wp-image-255\"\/><figcaption class=\"blocks-gallery-item__caption\">Alpe Sorg1 1017m<\/figcaption><\/figure><\/li><li class=\"blocks-gallery-item\"><figure><img loading=\"lazy\" width=\"200\" height=\"150\" src=\"https:\/\/beimkeller.de\/wp-content\/uploads\/2020\/07\/Sorg2.jpg\" alt=\"\" data-id=\"256\" data-link=\"https:\/\/beimkeller.de\/?attachment_id=256\" class=\"wp-image-256\"\/><figcaption class=\"blocks-gallery-item__caption\">Alpe Sorg2 1025m<\/figcaption><\/figure><\/li><li class=\"blocks-gallery-item\"><figure><img loading=\"lazy\" width=\"200\" height=\"150\" src=\"https:\/\/beimkeller.de\/wp-content\/uploads\/2020\/07\/Untere-Reuterwanne.jpg\" alt=\"\" data-id=\"257\" data-link=\"https:\/\/beimkeller.de\/?attachment_id=257\" class=\"wp-image-257\"\/><figcaption class=\"blocks-gallery-item__caption\">Alpe Untere Reuterwanne 1130m<\/figcaption><\/figure><\/li><li class=\"blocks-gallery-item\"><figure><img loading=\"lazy\" width=\"200\" height=\"150\" src=\"https:\/\/beimkeller.de\/wp-content\/uploads\/2020\/07\/H\u00fctte1.jpg\" alt=\"\" data-id=\"258\" data-link=\"https:\/\/beimkeller.de\/?attachment_id=258\" class=\"wp-image-258\"\/><figcaption class=\"blocks-gallery-item__caption\">Alpe Vordere K\u00f6lle 1180m<\/figcaption><\/figure><\/li><li class=\"blocks-gallery-item\"><figure><img loading=\"lazy\" width=\"200\" height=\"150\" src=\"https:\/\/beimkeller.de\/wp-content\/uploads\/2020\/07\/Rinder.jpg\" alt=\"\" data-id=\"265\" data-link=\"https:\/\/beimkeller.de\/?attachment_id=265\" class=\"wp-image-265\"\/><\/figure><\/li><li class=\"blocks-gallery-item\"><figure><img loading=\"lazy\" width=\"200\" height=\"150\" src=\"https:\/\/beimkeller.de\/wp-content\/uploads\/2020\/07\/Rinder2.jpg\" alt=\"\" data-id=\"266\" data-link=\"https:\/\/beimkeller.de\/?attachment_id=266\" class=\"wp-image-266\"\/><\/figure><\/li><li class=\"blocks-gallery-item\"><figure><img loading=\"lazy\" width=\"605\" height=\"328\" src=\"https:\/\/beimkeller.de\/wp-content\/uploads\/2020\/07\/Screenshot_2020-07-17-Wertach-im-Allg\u00e4u-Urlaub-im-Allg\u00e4u-Ferien-in-Wertach.png\" alt=\"\" data-id=\"267\" data-link=\"https:\/\/beimkeller.de\/?attachment_id=267\" class=\"wp-image-267\" srcset=\"https:\/\/beimkeller.de\/wp-content\/uploads\/2020\/07\/Screenshot_2020-07-17-Wertach-im-Allg\u00e4u-Urlaub-im-Allg\u00e4u-Ferien-in-Wertach.png 605w, https:\/\/beimkeller.de\/wp-content\/uploads\/2020\/07\/Screenshot_2020-07-17-Wertach-im-Allg\u00e4u-Urlaub-im-Allg\u00e4u-Ferien-in-Wertach-300x163.png 300w\" sizes=\"(max-width: 605px) 100vw, 605px\" \/><\/figure><\/li><\/ul><\/figure>\n\n\n\n<h3><br><\/h3>\n\n\n\n<p>Aber bitte achten sie auf die Natur und die Tiere, damit sie nicht gest\u00f6rt werden.          <\/p>\n\n\n\n<p>Die Tiere sind keine Kuscheltiere auch wenn sie hin und wieder so wirken.<br><\/p>\n\n\n\n<h1><\/h1>\n\n\n\n<figure class=\"wp-block-gallery columns-0 is-cropped\"><ul class=\"blocks-gallery-grid\"><\/ul><\/figure>\n\n\n\n<p><a href=\"https:\/\/www.wertach.de\/natuerlich-erleben\/veranstaltungen\/\">https:\/\/www.wertach.de\/natuerlich-erleben\/veranstaltungen\/<\/a><\/p>\n","protected":false},"excerpt":{"rendered":"<p>Fasching in Wertach Faschingsumz\u00fcge am So., 15. und Di., 17. Februar 2026 Allj\u00e4hrlich traditionelle Faschingsumz\u00fcge am Faschingssonntag und Faschingsdienstag, jeweils um 14 Uhr veranstaltet vom Faschingsverein Wertach e.V.! Funkenfeuer am Sa., 21. Februar 2026 Urspr\u00fcnglich einmal ein heidnischer Kult zur Vertreibung des unliebsamen, strengen und eiskalten Winters und bis zum heutigen Tag als traditionelles Brauchtum &hellip; <\/p>\n<p class=\"link-more\"><a href=\"https:\/\/beimkeller.de\/?page_id=15\" class=\"more-link\"><span class=\"screen-reader-text\">\u201eNeuigkeiten\u201c<\/span> weiterlesen<\/a><\/p>\n","protected":false},"author":1,"featured_media":0,"parent":0,"menu_order":0,"comment_status":"closed","ping_status":"closed","template":"","meta":[],"_links":{"self":[{"href":"https:\/\/beimkeller.de\/index.php?rest_route=\/wp\/v2\/pages\/15"}],"collection":[{"href":"https:\/\/beimkeller.de\/index.php?rest_route=\/wp\/v2\/pages"}],"about":[{"href":"https:\/\/beimkeller.de\/index.php?rest_route=\/wp\/v2\/types\/page"}],"author":[{"embeddable":true,"href":"https:\/\/beimkeller.de\/index.php?rest_route=\/wp\/v2\/users\/1"}],"replies":[{"embeddable":true,"href":"https:\/\/beimkeller.de\/index.php?rest_route=%2Fwp%2Fv2%2Fcomments&post=15"}],"version-history":[{"count":34,"href":"https:\/\/beimkeller.de\/index.php?rest_route=\/wp\/v2\/pages\/15\/revisions"}],"predecessor-version":[{"id":386,"href":"https:\/\/beimkeller.de\/index.php?rest_route=\/wp\/v2\/pages\/15\/revisions\/386"}],"wp:attachment":[{"href":"https:\/\/beimkeller.de\/index.php?rest_route=%2Fwp%2Fv2%2Fmedia&parent=15"}],"curies":[{"name":"wp","href":"https:\/\/api.w.org\/{rel}","templated":true}]}}