{"id":14,"date":"2019-03-30T13:08:16","date_gmt":"2019-03-30T13:08:16","guid":{"rendered":"http:\/\/beimkeller.de\/?page_id=14"},"modified":"2020-07-17T08:45:56","modified_gmt":"2020-07-17T08:45:56","slug":"umgebung","status":"publish","type":"page","link":"https:\/\/beimkeller.de\/?page_id=14","title":{"rendered":"Umgebung"},"content":{"rendered":"\n<figure class=\"wp-block-image\"><img loading=\"lazy\" width=\"1024\" height=\"576\" src=\"https:\/\/beimkeller.de\/wp-content\/uploads\/2020\/07\/DJI_0701-1024x576.jpg\" alt=\"\" class=\"wp-image-271\" srcset=\"https:\/\/beimkeller.de\/wp-content\/uploads\/2020\/07\/DJI_0701-1024x576.jpg 1024w, https:\/\/beimkeller.de\/wp-content\/uploads\/2020\/07\/DJI_0701-300x169.jpg 300w, https:\/\/beimkeller.de\/wp-content\/uploads\/2020\/07\/DJI_0701-768x432.jpg 768w\" sizes=\"(max-width: 706px) 89vw, (max-width: 767px) 82vw, 740px\" \/><figcaption>Gartenh\u00fctte mit Grillgelegenheit oder einfach nur zum Natur genie\u00dfen<\/figcaption><\/figure>\n\n\n\n<ul class=\"wp-block-gallery columns-3 is-cropped\"><li class=\"blocks-gallery-item\"><figure><img loading=\"lazy\" width=\"1024\" height=\"768\" src=\"https:\/\/beimkeller.de\/wp-content\/uploads\/2020\/07\/043-1024x768.jpg\" alt=\"\" data-id=\"270\" data-link=\"https:\/\/beimkeller.de\/?attachment_id=270\" class=\"wp-image-270\" srcset=\"https:\/\/beimkeller.de\/wp-content\/uploads\/2020\/07\/043-1024x768.jpg 1024w, https:\/\/beimkeller.de\/wp-content\/uploads\/2020\/07\/043-300x225.jpg 300w, https:\/\/beimkeller.de\/wp-content\/uploads\/2020\/07\/043-768x576.jpg 768w\" sizes=\"(max-width: 706px) 89vw, (max-width: 767px) 82vw, 740px\" \/><figcaption>unser Gem\u00fcse und Kr\u00e4utergarten<\/figcaption><\/figure><\/li><li class=\"blocks-gallery-item\"><figure><img loading=\"lazy\" width=\"1024\" height=\"768\" src=\"https:\/\/beimkeller.de\/wp-content\/uploads\/2020\/07\/02_20200704_110423-1024x768.jpg\" alt=\"\" data-id=\"272\" data-link=\"https:\/\/beimkeller.de\/?attachment_id=272\" class=\"wp-image-272\" srcset=\"https:\/\/beimkeller.de\/wp-content\/uploads\/2020\/07\/02_20200704_110423-1024x768.jpg 1024w, https:\/\/beimkeller.de\/wp-content\/uploads\/2020\/07\/02_20200704_110423-300x225.jpg 300w, https:\/\/beimkeller.de\/wp-content\/uploads\/2020\/07\/02_20200704_110423-768x576.jpg 768w\" sizes=\"(max-width: 706px) 89vw, (max-width: 767px) 82vw, 740px\" \/><figcaption>wir haben Honig von unseren hofeigenen Bienen<\/figcaption><\/figure><\/li><li class=\"blocks-gallery-item\"><figure><img loading=\"lazy\" width=\"768\" height=\"1024\" src=\"https:\/\/beimkeller.de\/wp-content\/uploads\/2020\/07\/04_20200704_105853-768x1024.jpg\" alt=\"\" data-id=\"273\" data-link=\"https:\/\/beimkeller.de\/?attachment_id=273\" class=\"wp-image-273\" srcset=\"https:\/\/beimkeller.de\/wp-content\/uploads\/2020\/07\/04_20200704_105853-768x1024.jpg 768w, https:\/\/beimkeller.de\/wp-content\/uploads\/2020\/07\/04_20200704_105853-225x300.jpg 225w\" sizes=\"(max-width: 706px) 89vw, (max-width: 767px) 82vw, 740px\" \/><figcaption>der Garten bl\u00fcht<\/figcaption><\/figure><\/li><\/ul>\n\n\n\n<ul class=\"wp-block-gallery columns-3 is-cropped\"><li class=\"blocks-gallery-item\"><figure><img loading=\"lazy\" width=\"430\" height=\"250\" src=\"https:\/\/beimkeller.de\/wp-content\/uploads\/2019\/03\/430x250.jpg\" alt=\"\" data-id=\"81\" data-link=\"https:\/\/beimkeller.de\/?attachment_id=81\" class=\"wp-image-81\" srcset=\"https:\/\/beimkeller.de\/wp-content\/uploads\/2019\/03\/430x250.jpg 430w, https:\/\/beimkeller.de\/wp-content\/uploads\/2019\/03\/430x250-300x174.jpg 300w\" sizes=\"(max-width: 430px) 100vw, 430px\" \/><figcaption>Wertacher Umgebung<\/figcaption><\/figure><\/li><li class=\"blocks-gallery-item\"><figure><img loading=\"lazy\" width=\"435\" height=\"326\" src=\"https:\/\/beimkeller.de\/wp-content\/uploads\/2019\/03\/435x326.jpg\" alt=\"\" data-id=\"82\" data-link=\"https:\/\/beimkeller.de\/?attachment_id=82\" class=\"wp-image-82\" srcset=\"https:\/\/beimkeller.de\/wp-content\/uploads\/2019\/03\/435x326.jpg 435w, https:\/\/beimkeller.de\/wp-content\/uploads\/2019\/03\/435x326-300x225.jpg 300w\" sizes=\"(max-width: 435px) 100vw, 435px\" \/><figcaption>Alpenrosen auf dem Wertacher H\u00f6rnle<\/figcaption><\/figure><\/li><li class=\"blocks-gallery-item\"><figure><img loading=\"lazy\" width=\"1024\" height=\"576\" src=\"https:\/\/beimkeller.de\/wp-content\/uploads\/2019\/03\/1200-1024x576.jpg\" alt=\"\" data-id=\"83\" data-link=\"https:\/\/beimkeller.de\/?attachment_id=83\" class=\"wp-image-83\" srcset=\"https:\/\/beimkeller.de\/wp-content\/uploads\/2019\/03\/1200-1024x576.jpg 1024w, https:\/\/beimkeller.de\/wp-content\/uploads\/2019\/03\/1200-300x169.jpg 300w, https:\/\/beimkeller.de\/wp-content\/uploads\/2019\/03\/1200-768x432.jpg 768w, https:\/\/beimkeller.de\/wp-content\/uploads\/2019\/03\/1200.jpg 1200w\" sizes=\"(max-width: 706px) 89vw, (max-width: 767px) 82vw, 740px\" \/><\/figure><\/li><li class=\"blocks-gallery-item\"><figure><img loading=\"lazy\" width=\"768\" height=\"1024\" src=\"https:\/\/beimkeller.de\/wp-content\/uploads\/2019\/03\/SAM_0046-768x1024.jpeg\" alt=\"\" data-id=\"84\" data-link=\"https:\/\/beimkeller.de\/?attachment_id=84\" class=\"wp-image-84\" srcset=\"https:\/\/beimkeller.de\/wp-content\/uploads\/2019\/03\/SAM_0046-768x1024.jpeg 768w, https:\/\/beimkeller.de\/wp-content\/uploads\/2019\/03\/SAM_0046-225x300.jpeg 225w\" sizes=\"(max-width: 706px) 89vw, (max-width: 767px) 82vw, 740px\" \/><\/figure><\/li><li class=\"blocks-gallery-item\"><figure><img loading=\"lazy\" width=\"768\" height=\"1024\" src=\"https:\/\/beimkeller.de\/wp-content\/uploads\/2019\/03\/03_20180612_080653-768x1024.jpg\" alt=\"\" data-id=\"86\" data-link=\"https:\/\/beimkeller.de\/?attachment_id=86\" class=\"wp-image-86\" srcset=\"https:\/\/beimkeller.de\/wp-content\/uploads\/2019\/03\/03_20180612_080653-768x1024.jpg 768w, https:\/\/beimkeller.de\/wp-content\/uploads\/2019\/03\/03_20180612_080653-225x300.jpg 225w\" sizes=\"(max-width: 706px) 89vw, (max-width: 767px) 82vw, 740px\" \/><figcaption>unsere Laufenten d\u00fcrfen sich frei auf unserem Hof bewegen<\/figcaption><\/figure><\/li><\/ul>\n\n\n\n<ul class=\"wp-block-gallery columns-1 is-cropped\"><li class=\"blocks-gallery-item\"><figure><img loading=\"lazy\" width=\"1024\" height=\"576\" src=\"https:\/\/beimkeller.de\/wp-content\/uploads\/2019\/04\/DJI_0202-3-1024x576.jpg\" alt=\"\" data-id=\"110\" class=\"wp-image-110\" srcset=\"https:\/\/beimkeller.de\/wp-content\/uploads\/2019\/04\/DJI_0202-3-1024x576.jpg 1024w, https:\/\/beimkeller.de\/wp-content\/uploads\/2019\/04\/DJI_0202-3-300x169.jpg 300w, https:\/\/beimkeller.de\/wp-content\/uploads\/2019\/04\/DJI_0202-3-768x432.jpg 768w\" sizes=\"(max-width: 706px) 89vw, (max-width: 767px) 82vw, 740px\" \/><figcaption>Genie\u00dfen Sie die Natur<\/figcaption><\/figure><\/li><\/ul>\n\n\n\n<ul class=\"wp-block-gallery columns-1 is-cropped\"><li class=\"blocks-gallery-item\"><figure><img loading=\"lazy\" width=\"1024\" height=\"576\" src=\"https:\/\/beimkeller.de\/wp-content\/uploads\/2019\/04\/DJI_0204-5-1024x576.jpg\" alt=\"\" data-id=\"111\" class=\"wp-image-111\" srcset=\"https:\/\/beimkeller.de\/wp-content\/uploads\/2019\/04\/DJI_0204-5-1024x576.jpg 1024w, https:\/\/beimkeller.de\/wp-content\/uploads\/2019\/04\/DJI_0204-5-300x169.jpg 300w, https:\/\/beimkeller.de\/wp-content\/uploads\/2019\/04\/DJI_0204-5-768x432.jpg 768w\" sizes=\"(max-width: 706px) 89vw, (max-width: 767px) 82vw, 740px\" \/><\/figure><\/li><\/ul>\n\n\n\n<ul class=\"wp-block-gallery columns-2 is-cropped\"><li class=\"blocks-gallery-item\"><figure><img loading=\"lazy\" width=\"1024\" height=\"576\" src=\"http:\/\/beimkeller.de\/wp-content\/uploads\/2019\/04\/DJI_0206-1-1024x576.jpg\" alt=\"\" data-id=\"112\" data-link=\"http:\/\/beimkeller.de\/?attachment_id=112\" class=\"wp-image-112\" srcset=\"https:\/\/beimkeller.de\/wp-content\/uploads\/2019\/04\/DJI_0206-1-1024x576.jpg 1024w, https:\/\/beimkeller.de\/wp-content\/uploads\/2019\/04\/DJI_0206-1-300x169.jpg 300w, https:\/\/beimkeller.de\/wp-content\/uploads\/2019\/04\/DJI_0206-1-768x432.jpg 768w\" sizes=\"(max-width: 706px) 89vw, (max-width: 767px) 82vw, 740px\" \/><\/figure><\/li><li class=\"blocks-gallery-item\"><figure><img loading=\"lazy\" width=\"768\" height=\"1024\" src=\"https:\/\/beimkeller.de\/wp-content\/uploads\/2020\/07\/03_20200704_105922-768x1024.jpg\" alt=\"\" data-id=\"269\" data-link=\"https:\/\/beimkeller.de\/?attachment_id=269\" class=\"wp-image-269\" srcset=\"https:\/\/beimkeller.de\/wp-content\/uploads\/2020\/07\/03_20200704_105922-768x1024.jpg 768w, https:\/\/beimkeller.de\/wp-content\/uploads\/2020\/07\/03_20200704_105922-225x300.jpg 225w\" sizes=\"(max-width: 706px) 89vw, (max-width: 767px) 82vw, 740px\" \/><\/figure><\/li><\/ul>\n\n\n\n<h2>Kurgarten<\/h2>\n\n\n\n<p>Der Kurgarten mit Kneippbecken ist nur wenige Schritte von unserer Haust\u00fcr entfernt. Somit auch Barfu\u00df gut zu erreichen.  <\/p>\n\n\n\n<ul class=\"wp-block-gallery columns-3 is-cropped\"><li class=\"blocks-gallery-item\"><figure><img loading=\"lazy\" width=\"300\" height=\"225\" src=\"https:\/\/beimkeller.de\/wp-content\/uploads\/2020\/07\/Kurpark.jpg\" alt=\"\" data-id=\"278\" data-link=\"https:\/\/beimkeller.de\/?attachment_id=278\" class=\"wp-image-278\"\/><\/figure><\/li><li class=\"blocks-gallery-item\"><figure><img loading=\"lazy\" width=\"300\" height=\"225\" src=\"https:\/\/beimkeller.de\/wp-content\/uploads\/2020\/07\/Kurkpark.jpg\" alt=\"\" data-id=\"279\" data-link=\"https:\/\/beimkeller.de\/?attachment_id=279\" class=\"wp-image-279\"\/><\/figure><\/li><li class=\"blocks-gallery-item\"><figure><img loading=\"lazy\" width=\"300\" height=\"225\" src=\"https:\/\/beimkeller.de\/wp-content\/uploads\/2020\/07\/Kurpark1.jpg\" alt=\"\" data-id=\"280\" data-link=\"https:\/\/beimkeller.de\/?attachment_id=280\" class=\"wp-image-280\"\/><\/figure><\/li><\/ul>\n\n\n\n<h2>Allg\u00e4ulino, der Hallenspielplatz<\/h2>\n\n\n\n<figure class=\"wp-block-image\"><img loading=\"lazy\" width=\"960\" height=\"260\" src=\"https:\/\/beimkeller.de\/wp-content\/uploads\/2019\/04\/Allg\u00e4ulino.jpg\" alt=\"\" class=\"wp-image-175\" srcset=\"https:\/\/beimkeller.de\/wp-content\/uploads\/2019\/04\/Allg\u00e4ulino.jpg 960w, https:\/\/beimkeller.de\/wp-content\/uploads\/2019\/04\/Allg\u00e4ulino-300x81.jpg 300w, https:\/\/beimkeller.de\/wp-content\/uploads\/2019\/04\/Allg\u00e4ulino-768x208.jpg 768w\" sizes=\"(max-width: 706px) 89vw, (max-width: 767px) 82vw, 740px\" \/><\/figure>\n\n\n\n<p><a href=\"https:\/\/www.allgaeulino.de\/\">https:\/\/www.allgaeulino.de\/<\/a><\/p>\n\n\n\n<h2>Buron- Kinderpark <\/h2>\n\n\n\n<p><\/p>\n\n\n\n<figure class=\"wp-block-image\"><img loading=\"lazy\" width=\"200\" height=\"150\" src=\"https:\/\/beimkeller.de\/wp-content\/uploads\/2019\/04\/Buron2.jpg\" alt=\"\" class=\"wp-image-181\"\/><\/figure>\n\n\n\n<p><a href=\"https:\/\/www.buron-skilifte.de\/\">https:\/\/www.buron-skilifte.de\/<\/a><\/p>\n","protected":false},"excerpt":{"rendered":"<p>Kurgarten Der Kurgarten mit Kneippbecken ist nur wenige Schritte von unserer Haust\u00fcr entfernt. Somit auch Barfu\u00df gut zu erreichen. Allg\u00e4ulino, der Hallenspielplatz https:\/\/www.allgaeulino.de\/ Buron- Kinderpark https:\/\/www.buron-skilifte.de\/<\/p>\n","protected":false},"author":1,"featured_media":0,"parent":0,"menu_order":0,"comment_status":"closed","ping_status":"closed","template":"","meta":[],"_links":{"self":[{"href":"https:\/\/beimkeller.de\/index.php?rest_route=\/wp\/v2\/pages\/14"}],"collection":[{"href":"https:\/\/beimkeller.de\/index.php?rest_route=\/wp\/v2\/pages"}],"about":[{"href":"https:\/\/beimkeller.de\/index.php?rest_route=\/wp\/v2\/types\/page"}],"author":[{"embeddable":true,"href":"https:\/\/beimkeller.de\/index.php?rest_route=\/wp\/v2\/users\/1"}],"replies":[{"embeddable":true,"href":"https:\/\/beimkeller.de\/index.php?rest_route=%2Fwp%2Fv2%2Fcomments&post=14"}],"version-history":[{"count":11,"href":"https:\/\/beimkeller.de\/index.php?rest_route=\/wp\/v2\/pages\/14\/revisions"}],"predecessor-version":[{"id":285,"href":"https:\/\/beimkeller.de\/index.php?rest_route=\/wp\/v2\/pages\/14\/revisions\/285"}],"wp:attachment":[{"href":"https:\/\/beimkeller.de\/index.php?rest_route=%2Fwp%2Fv2%2Fmedia&parent=14"}],"curies":[{"name":"wp","href":"https:\/\/api.w.org\/{rel}","templated":true}]}}