{"id":13,"date":"2019-03-30T13:08:16","date_gmt":"2019-03-30T13:08:16","guid":{"rendered":"http:\/\/beimkeller.de\/?page_id=13"},"modified":"2023-01-03T09:42:50","modified_gmt":"2023-01-03T09:42:50","slug":"zimmer","status":"publish","type":"page","link":"https:\/\/beimkeller.de\/?page_id=13","title":{"rendered":"Zimmer"},"content":{"rendered":"\n<h3>Gut geschlafen?       &#8222;Ja prima&#8220;<\/h3>\n\n\n\n<p>Unsere Zimmer sind auch f\u00fcr Allergiker ein wahres Schlafvergn\u00fcgen &#8211; <\/p>\n\n\n\n<p>und gro\u00df genug um als Familienzimmer zu nutzen.<\/p>\n\n\n\n<p><\/p>\n\n\n\n<figure class=\"wp-block-image size-large\"><img loading=\"lazy\" width=\"1024\" height=\"768\" src=\"https:\/\/beimkeller.de\/wp-content\/uploads\/2022\/06\/02_IMG-20220504-WA0008-1024x768.jpg\" alt=\"\" class=\"wp-image-311\" srcset=\"https:\/\/beimkeller.de\/wp-content\/uploads\/2022\/06\/02_IMG-20220504-WA0008-1024x768.jpg 1024w, https:\/\/beimkeller.de\/wp-content\/uploads\/2022\/06\/02_IMG-20220504-WA0008-300x225.jpg 300w, https:\/\/beimkeller.de\/wp-content\/uploads\/2022\/06\/02_IMG-20220504-WA0008-768x576.jpg 768w, https:\/\/beimkeller.de\/wp-content\/uploads\/2022\/06\/02_IMG-20220504-WA0008-1536x1152.jpg 1536w, https:\/\/beimkeller.de\/wp-content\/uploads\/2022\/06\/02_IMG-20220504-WA0008.jpg 2000w\" sizes=\"(max-width: 706px) 89vw, (max-width: 767px) 82vw, 740px\" \/><\/figure>\n\n\n\n<div class=\"wp-block-columns\">\n<div class=\"wp-block-column\" style=\"flex-basis:100%\">\n<div class=\"wp-block-group\"><div class=\"wp-block-group__inner-container\">\n<div class=\"wp-block-columns\">\n<div class=\"wp-block-column\" style=\"flex-basis:100%\">\n<figure class=\"wp-block-image size-large\"><img loading=\"lazy\" width=\"768\" height=\"1024\" src=\"https:\/\/beimkeller.de\/wp-content\/uploads\/2022\/06\/01_20220610_154026-768x1024.jpg\" alt=\"\" class=\"wp-image-322\" srcset=\"https:\/\/beimkeller.de\/wp-content\/uploads\/2022\/06\/01_20220610_154026-768x1024.jpg 768w, https:\/\/beimkeller.de\/wp-content\/uploads\/2022\/06\/01_20220610_154026-225x300.jpg 225w, https:\/\/beimkeller.de\/wp-content\/uploads\/2022\/06\/01_20220610_154026-1152x1536.jpg 1152w, https:\/\/beimkeller.de\/wp-content\/uploads\/2022\/06\/01_20220610_154026-1536x2048.jpg 1536w, https:\/\/beimkeller.de\/wp-content\/uploads\/2022\/06\/01_20220610_154026-scaled.jpg 1920w\" sizes=\"(max-width: 706px) 89vw, (max-width: 767px) 82vw, 740px\" \/><\/figure>\n<\/div>\n<\/div>\n\n\n\n<figure class=\"wp-block-image size-large\"><img loading=\"lazy\" width=\"1024\" height=\"768\" src=\"https:\/\/beimkeller.de\/wp-content\/uploads\/2023\/01\/02_IMG-20221221-WA0003-1024x768.jpg\" alt=\"\" class=\"wp-image-326\" srcset=\"https:\/\/beimkeller.de\/wp-content\/uploads\/2023\/01\/02_IMG-20221221-WA0003-1024x768.jpg 1024w, https:\/\/beimkeller.de\/wp-content\/uploads\/2023\/01\/02_IMG-20221221-WA0003-300x225.jpg 300w, https:\/\/beimkeller.de\/wp-content\/uploads\/2023\/01\/02_IMG-20221221-WA0003-768x576.jpg 768w, https:\/\/beimkeller.de\/wp-content\/uploads\/2023\/01\/02_IMG-20221221-WA0003-1536x1152.jpg 1536w, https:\/\/beimkeller.de\/wp-content\/uploads\/2023\/01\/02_IMG-20221221-WA0003.jpg 2000w\" sizes=\"(max-width: 706px) 89vw, (max-width: 767px) 82vw, 740px\" \/><\/figure>\n<\/div><\/div>\n<\/div>\n<\/div>\n\n\n\n<figure class=\"wp-block-gallery columns-1 is-cropped\"><ul class=\"blocks-gallery-grid\"><li class=\"blocks-gallery-item\"><figure><img loading=\"lazy\" width=\"1024\" height=\"768\" src=\"https:\/\/beimkeller.de\/wp-content\/uploads\/2022\/06\/04_IMG-20220504-WA0006-1024x768.jpg\" alt=\"\" data-id=\"313\" class=\"wp-image-313\" srcset=\"https:\/\/beimkeller.de\/wp-content\/uploads\/2022\/06\/04_IMG-20220504-WA0006-1024x768.jpg 1024w, https:\/\/beimkeller.de\/wp-content\/uploads\/2022\/06\/04_IMG-20220504-WA0006-300x225.jpg 300w, https:\/\/beimkeller.de\/wp-content\/uploads\/2022\/06\/04_IMG-20220504-WA0006-768x576.jpg 768w, https:\/\/beimkeller.de\/wp-content\/uploads\/2022\/06\/04_IMG-20220504-WA0006-1536x1152.jpg 1536w, https:\/\/beimkeller.de\/wp-content\/uploads\/2022\/06\/04_IMG-20220504-WA0006.jpg 2000w\" sizes=\"(max-width: 706px) 89vw, (max-width: 767px) 82vw, 740px\" \/><\/figure><\/li><\/ul><\/figure>\n\n\n\n<h2>G\u00e4stestube<\/h2>\n\n\n\n<p>Hat\u00b4s geschmeckt? <\/p>\n\n\n\n<p>Beim Fr\u00fchst\u00fcck legen wir gr\u00f6\u00dften Wert auf regionale Produkte\/ Wertacher Marktprodukte, und die Marmelade ist selbstverst\u00e4ndlich selbst gemacht!<\/p>\n\n\n\n<p>Zu empfehlen: Frau Gebhart\u00b4s k\u00f6stlicher Kr\u00e4utertee aus unserem Kr\u00e4utergarten und den Wertacher Wiesen.<\/p>\n\n\n\n<p><\/p>\n\n\n\n<figure class=\"wp-block-image\"><img loading=\"lazy\" width=\"1024\" height=\"768\" src=\"https:\/\/beimkeller.de\/wp-content\/uploads\/2019\/04\/SAM_0533-1024x768.jpg\" alt=\"\" class=\"wp-image-139\" srcset=\"https:\/\/beimkeller.de\/wp-content\/uploads\/2019\/04\/SAM_0533-1024x768.jpg 1024w, https:\/\/beimkeller.de\/wp-content\/uploads\/2019\/04\/SAM_0533-300x225.jpg 300w, https:\/\/beimkeller.de\/wp-content\/uploads\/2019\/04\/SAM_0533-768x576.jpg 768w\" sizes=\"(max-width: 706px) 89vw, (max-width: 767px) 82vw, 740px\" \/><\/figure>\n\n\n\n<h4>K\u00fchlschrank und eine kleine Kochgelegenheit stehen hier f\u00fcr unsre G\u00e4ste zur Verf\u00fcgung<br><\/h4>\n\n\n\n<h2><\/h2>\n","protected":false},"excerpt":{"rendered":"<p>Gut geschlafen? &#8222;Ja prima&#8220; Unsere Zimmer sind auch f\u00fcr Allergiker ein wahres Schlafvergn\u00fcgen &#8211; und gro\u00df genug um als Familienzimmer zu nutzen. G\u00e4stestube Hat\u00b4s geschmeckt? Beim Fr\u00fchst\u00fcck legen wir gr\u00f6\u00dften Wert auf regionale Produkte\/ Wertacher Marktprodukte, und die Marmelade ist selbstverst\u00e4ndlich selbst gemacht! Zu empfehlen: Frau Gebhart\u00b4s k\u00f6stlicher Kr\u00e4utertee aus unserem Kr\u00e4utergarten und den Wertacher &hellip; <\/p>\n<p class=\"link-more\"><a href=\"https:\/\/beimkeller.de\/?page_id=13\" class=\"more-link\"><span class=\"screen-reader-text\">\u201eZimmer\u201c<\/span> weiterlesen<\/a><\/p>\n","protected":false},"author":1,"featured_media":0,"parent":0,"menu_order":0,"comment_status":"closed","ping_status":"closed","template":"","meta":[],"_links":{"self":[{"href":"https:\/\/beimkeller.de\/index.php?rest_route=\/wp\/v2\/pages\/13"}],"collection":[{"href":"https:\/\/beimkeller.de\/index.php?rest_route=\/wp\/v2\/pages"}],"about":[{"href":"https:\/\/beimkeller.de\/index.php?rest_route=\/wp\/v2\/types\/page"}],"author":[{"embeddable":true,"href":"https:\/\/beimkeller.de\/index.php?rest_route=\/wp\/v2\/users\/1"}],"replies":[{"embeddable":true,"href":"https:\/\/beimkeller.de\/index.php?rest_route=%2Fwp%2Fv2%2Fcomments&post=13"}],"version-history":[{"count":10,"href":"https:\/\/beimkeller.de\/index.php?rest_route=\/wp\/v2\/pages\/13\/revisions"}],"predecessor-version":[{"id":328,"href":"https:\/\/beimkeller.de\/index.php?rest_route=\/wp\/v2\/pages\/13\/revisions\/328"}],"wp:attachment":[{"href":"https:\/\/beimkeller.de\/index.php?rest_route=%2Fwp%2Fv2%2Fmedia&parent=13"}],"curies":[{"name":"wp","href":"https:\/\/api.w.org\/{rel}","templated":true}]}}